{"id":8584,"date":"2022-02-14T10:05:08","date_gmt":"2022-02-14T13:05:08","guid":{"rendered":"https:\/\/stp.aisthesis.com.br\/?page_id=8584"},"modified":"2025-02-26T00:33:31","modified_gmt":"2025-02-26T03:33:31","slug":"trabalhe-conosco","status":"publish","type":"page","link":"http:\/\/stpway.com\/en\/trabalhe-conosco\/","title":{"rendered":"Work With Us"},"content":{"rendered":"<div data-elementor-type=\"wp-page\" data-elementor-id=\"8584\" class=\"elementor elementor-8584\" data-elementor-post-type=\"page\">\n\t\t\t\t\t\t<section class=\"elementor-section elementor-top-section elementor-element elementor-element-90abe2c elementor-section-boxed elementor-section-height-default elementor-section-height-default\" data-id=\"90abe2c\" data-element_type=\"section\">\n\t\t\t\t\t\t<div class=\"elementor-container elementor-column-gap-default\">\n\t\t\t\t\t<div class=\"elementor-column elementor-col-100 elementor-top-column elementor-element elementor-element-4d6098e\" data-id=\"4d6098e\" data-element_type=\"column\">\n\t\t\t<div class=\"elementor-widget-wrap elementor-element-populated\">\n\t\t\t\t\t\t<div class=\"elementor-element elementor-element-0d7c9db elementor-widget elementor-widget-heading\" data-id=\"0d7c9db\" data-element_type=\"widget\" data-widget_type=\"heading.default\">\n\t\t\t\t<div class=\"elementor-widget-container\">\n\t\t\t\t\t<h2 class=\"elementor-heading-title elementor-size-default\">Work With Us<\/h2>\t\t\t\t<\/div>\n\t\t\t\t<\/div>\n\t\t\t\t\t<\/div>\n\t\t<\/div>\n\t\t\t\t\t<\/div>\n\t\t<\/section>\n\t\t\t\t<section class=\"elementor-section elementor-top-section elementor-element elementor-element-b5a9ca4 elementor-section-boxed elementor-section-height-default elementor-section-height-default\" data-id=\"b5a9ca4\" data-element_type=\"section\">\n\t\t\t\t\t\t<div class=\"elementor-container elementor-column-gap-default\">\n\t\t\t\t\t<div class=\"elementor-column elementor-col-100 elementor-top-column elementor-element elementor-element-493aede\" data-id=\"493aede\" data-element_type=\"column\">\n\t\t\t<div class=\"elementor-widget-wrap elementor-element-populated\">\n\t\t\t\t\t\t<div class=\"elementor-element elementor-element-9db1617 elementor-widget elementor-widget-text-editor\" data-id=\"9db1617\" data-element_type=\"widget\" data-widget_type=\"text-editor.default\">\n\t\t\t\t<div class=\"elementor-widget-container\">\n\t\t\t\t\t\t\t\t\t<p>Sustainable Trade Partner (STP) is committed to providing food with an extra purpose. In addition to feeding the world with quality products, the company contributes to changing the world through sustainable production, from farm to table, as well as actions and projects with great potential for a positive impact on society and the environment.<\/p><p>If you identify with these values and goals, come and join our team!<\/p><p>Check out the opportunities available at:<\/p>\t\t\t\t\t\t\t\t<\/div>\n\t\t\t\t<\/div>\n\t\t\t\t<div class=\"elementor-element elementor-element-115f0c9 elementor-widget elementor-widget-image\" data-id=\"115f0c9\" data-element_type=\"widget\" data-widget_type=\"image.default\">\n\t\t\t\t<div class=\"elementor-widget-container\">\n\t\t\t\t\t\t\t\t\t\t\t\t\t\t\t<img decoding=\"async\" src=\"https:\/\/stpway.com\/wp-content\/uploads\/elementor\/thumbs\/logolinkedin-ps2l00ca782wvz3pl7012i7dwzdoilwexzopzisr1k.jpg\" title=\"logolinkedin\" alt=\"logolinkedin\" loading=\"lazy\" \/>\t\t\t\t\t\t\t\t\t\t\t\t\t\t\t<\/div>\n\t\t\t\t<\/div>\n\t\t\t\t\t<\/div>\n\t\t<\/div>\n\t\t\t\t\t<\/div>\n\t\t<\/section>\n\t\t\t\t<\/div>","protected":false},"excerpt":{"rendered":"<p>Trabalhe Conosco A Sustainable Trade Partner (STP) est\u00e1 comprometida em fornecer alimentos com um prop\u00f3sito a mais. Al\u00e9m de alimentar o mundo com produtos de qualidade, a empresa contribui para mudar o mundo por meio da produ\u00e7\u00e3o sustent\u00e1vel, do campo \u00e0 mesa, assim como com a\u00e7\u00f5es e projetos com grande potencial de impacto positivo sobre [&hellip;]<\/p>","protected":false},"author":6,"featured_media":0,"parent":0,"menu_order":0,"comment_status":"closed","ping_status":"closed","template":"","meta":{"footnotes":""},"class_list":["post-8584","page","type-page","status-publish","hentry"],"yoast_head":"<!-- This site is optimized with the Yoast SEO plugin v24.5 - https:\/\/yoast.com\/wordpress\/plugins\/seo\/ -->\n<title>Trabalhe conosco - STP Way<\/title>\n<meta name=\"robots\" content=\"index, follow, max-snippet:-1, max-image-preview:large, max-video-preview:-1\" \/>\n<link rel=\"canonical\" href=\"http:\/\/stpway.com\/en\/trabalhe-conosco\/\" \/>\n<meta property=\"og:locale\" content=\"en_US\" \/>\n<meta property=\"og:type\" content=\"article\" \/>\n<meta property=\"og:title\" content=\"Trabalhe conosco - STP Way\" \/>\n<meta property=\"og:description\" content=\"Trabalhe Conosco A Sustainable Trade Partner (STP) est\u00e1 comprometida em fornecer alimentos com um prop\u00f3sito a mais. Al\u00e9m de alimentar o mundo com produtos de qualidade, a empresa contribui para mudar o mundo por meio da produ\u00e7\u00e3o sustent\u00e1vel, do campo \u00e0 mesa, assim como com a\u00e7\u00f5es e projetos com grande potencial de impacto positivo sobre [&hellip;]\" \/>\n<meta property=\"og:url\" content=\"http:\/\/stpway.com\/en\/trabalhe-conosco\/\" \/>\n<meta property=\"og:site_name\" content=\"STP Way\" \/>\n<meta property=\"article:modified_time\" content=\"2025-02-26T03:33:31+00:00\" \/>\n<meta property=\"og:image\" content=\"https:\/\/stpway.com\/wp-content\/uploads\/2022\/04\/logolinkedin.jpg\" \/>\n<meta name=\"twitter:card\" content=\"summary_large_image\" \/>\n<meta name=\"twitter:label1\" content=\"Est. reading time\" \/>\n\t<meta name=\"twitter:data1\" content=\"1 minute\" \/>\n<script type=\"application\/ld+json\" class=\"yoast-schema-graph\">{\"@context\":\"https:\/\/schema.org\",\"@graph\":[{\"@type\":\"WebPage\",\"@id\":\"https:\/\/stpway.com\/trabalhe-conosco\/\",\"url\":\"https:\/\/stpway.com\/trabalhe-conosco\/\",\"name\":\"Trabalhe conosco - STP Way\",\"isPartOf\":{\"@id\":\"https:\/\/stpway.com\/#website\"},\"primaryImageOfPage\":{\"@id\":\"https:\/\/stpway.com\/trabalhe-conosco\/#primaryimage\"},\"image\":{\"@id\":\"https:\/\/stpway.com\/trabalhe-conosco\/#primaryimage\"},\"thumbnailUrl\":\"https:\/\/stpway.com\/wp-content\/uploads\/2022\/04\/logolinkedin.jpg\",\"datePublished\":\"2022-02-14T13:05:08+00:00\",\"dateModified\":\"2025-02-26T03:33:31+00:00\",\"breadcrumb\":{\"@id\":\"https:\/\/stpway.com\/trabalhe-conosco\/#breadcrumb\"},\"inLanguage\":\"en-US\",\"potentialAction\":[{\"@type\":\"ReadAction\",\"target\":[\"https:\/\/stpway.com\/trabalhe-conosco\/\"]}]},{\"@type\":\"ImageObject\",\"inLanguage\":\"en-US\",\"@id\":\"https:\/\/stpway.com\/trabalhe-conosco\/#primaryimage\",\"url\":\"https:\/\/stpway.com\/wp-content\/uploads\/2022\/04\/logolinkedin.jpg\",\"contentUrl\":\"https:\/\/stpway.com\/wp-content\/uploads\/2022\/04\/logolinkedin.jpg\"},{\"@type\":\"BreadcrumbList\",\"@id\":\"https:\/\/stpway.com\/trabalhe-conosco\/#breadcrumb\",\"itemListElement\":[{\"@type\":\"ListItem\",\"position\":1,\"name\":\"In\u00edcio\",\"item\":\"https:\/\/stpway.com\/\"},{\"@type\":\"ListItem\",\"position\":2,\"name\":\"Trabalhe conosco\"}]},{\"@type\":\"WebSite\",\"@id\":\"https:\/\/stpway.com\/#website\",\"url\":\"https:\/\/stpway.com\/\",\"name\":\"STP Way\",\"description\":\"Sustainable Trade Partner\",\"publisher\":{\"@id\":\"https:\/\/stpway.com\/#organization\"},\"potentialAction\":[{\"@type\":\"SearchAction\",\"target\":{\"@type\":\"EntryPoint\",\"urlTemplate\":\"https:\/\/stpway.com\/?s={search_term_string}\"},\"query-input\":{\"@type\":\"PropertyValueSpecification\",\"valueRequired\":true,\"valueName\":\"search_term_string\"}}],\"inLanguage\":\"en-US\"},{\"@type\":\"Organization\",\"@id\":\"https:\/\/stpway.com\/#organization\",\"name\":\"STP Way\",\"url\":\"https:\/\/stpway.com\/\",\"logo\":{\"@type\":\"ImageObject\",\"inLanguage\":\"en-US\",\"@id\":\"https:\/\/stpway.com\/#\/schema\/logo\/image\/\",\"url\":\"https:\/\/stpway.com\/wp-content\/uploads\/2022\/02\/cropped-logo-1.png\",\"contentUrl\":\"https:\/\/stpway.com\/wp-content\/uploads\/2022\/02\/cropped-logo-1.png\",\"width\":294,\"height\":88,\"caption\":\"STP Way\"},\"image\":{\"@id\":\"https:\/\/stpway.com\/#\/schema\/logo\/image\/\"}}]}<\/script>\n<!-- \/ Yoast SEO plugin. -->","yoast_head_json":{"title":"Trabalhe conosco - STP Way","robots":{"index":"index","follow":"follow","max-snippet":"max-snippet:-1","max-image-preview":"max-image-preview:large","max-video-preview":"max-video-preview:-1"},"canonical":"http:\/\/stpway.com\/en\/trabalhe-conosco\/","og_locale":"en_US","og_type":"article","og_title":"Trabalhe conosco - STP Way","og_description":"Trabalhe Conosco A Sustainable Trade Partner (STP) est\u00e1 comprometida em fornecer alimentos com um prop\u00f3sito a mais. Al\u00e9m de alimentar o mundo com produtos de qualidade, a empresa contribui para mudar o mundo por meio da produ\u00e7\u00e3o sustent\u00e1vel, do campo \u00e0 mesa, assim como com a\u00e7\u00f5es e projetos com grande potencial de impacto positivo sobre [&hellip;]","og_url":"http:\/\/stpway.com\/en\/trabalhe-conosco\/","og_site_name":"STP Way","article_modified_time":"2025-02-26T03:33:31+00:00","og_image":[{"url":"https:\/\/stpway.com\/wp-content\/uploads\/2022\/04\/logolinkedin.jpg","type":"","width":"","height":""}],"twitter_card":"summary_large_image","twitter_misc":{"Est. reading time":"1 minute"},"schema":{"@context":"https:\/\/schema.org","@graph":[{"@type":"WebPage","@id":"https:\/\/stpway.com\/trabalhe-conosco\/","url":"https:\/\/stpway.com\/trabalhe-conosco\/","name":"Trabalhe conosco - STP Way","isPartOf":{"@id":"https:\/\/stpway.com\/#website"},"primaryImageOfPage":{"@id":"https:\/\/stpway.com\/trabalhe-conosco\/#primaryimage"},"image":{"@id":"https:\/\/stpway.com\/trabalhe-conosco\/#primaryimage"},"thumbnailUrl":"https:\/\/stpway.com\/wp-content\/uploads\/2022\/04\/logolinkedin.jpg","datePublished":"2022-02-14T13:05:08+00:00","dateModified":"2025-02-26T03:33:31+00:00","breadcrumb":{"@id":"https:\/\/stpway.com\/trabalhe-conosco\/#breadcrumb"},"inLanguage":"en-US","potentialAction":[{"@type":"ReadAction","target":["https:\/\/stpway.com\/trabalhe-conosco\/"]}]},{"@type":"ImageObject","inLanguage":"en-US","@id":"https:\/\/stpway.com\/trabalhe-conosco\/#primaryimage","url":"https:\/\/stpway.com\/wp-content\/uploads\/2022\/04\/logolinkedin.jpg","contentUrl":"https:\/\/stpway.com\/wp-content\/uploads\/2022\/04\/logolinkedin.jpg"},{"@type":"BreadcrumbList","@id":"https:\/\/stpway.com\/trabalhe-conosco\/#breadcrumb","itemListElement":[{"@type":"ListItem","position":1,"name":"In\u00edcio","item":"https:\/\/stpway.com\/"},{"@type":"ListItem","position":2,"name":"Trabalhe conosco"}]},{"@type":"WebSite","@id":"https:\/\/stpway.com\/#website","url":"https:\/\/stpway.com\/","name":"STP Way","description":"Sustainable Trade Partner","publisher":{"@id":"https:\/\/stpway.com\/#organization"},"potentialAction":[{"@type":"SearchAction","target":{"@type":"EntryPoint","urlTemplate":"https:\/\/stpway.com\/?s={search_term_string}"},"query-input":{"@type":"PropertyValueSpecification","valueRequired":true,"valueName":"search_term_string"}}],"inLanguage":"en-US"},{"@type":"Organization","@id":"https:\/\/stpway.com\/#organization","name":"STP Way","url":"https:\/\/stpway.com\/","logo":{"@type":"ImageObject","inLanguage":"en-US","@id":"https:\/\/stpway.com\/#\/schema\/logo\/image\/","url":"https:\/\/stpway.com\/wp-content\/uploads\/2022\/02\/cropped-logo-1.png","contentUrl":"https:\/\/stpway.com\/wp-content\/uploads\/2022\/02\/cropped-logo-1.png","width":294,"height":88,"caption":"STP Way"},"image":{"@id":"https:\/\/stpway.com\/#\/schema\/logo\/image\/"}}]}},"_links":{"self":[{"href":"http:\/\/stpway.com\/en\/wp-json\/wp\/v2\/pages\/8584","targetHints":{"allow":["GET"]}}],"collection":[{"href":"http:\/\/stpway.com\/en\/wp-json\/wp\/v2\/pages"}],"about":[{"href":"http:\/\/stpway.com\/en\/wp-json\/wp\/v2\/types\/page"}],"author":[{"embeddable":true,"href":"http:\/\/stpway.com\/en\/wp-json\/wp\/v2\/users\/6"}],"replies":[{"embeddable":true,"href":"http:\/\/stpway.com\/en\/wp-json\/wp\/v2\/comments?post=8584"}],"version-history":[{"count":27,"href":"http:\/\/stpway.com\/en\/wp-json\/wp\/v2\/pages\/8584\/revisions"}],"predecessor-version":[{"id":10135,"href":"http:\/\/stpway.com\/en\/wp-json\/wp\/v2\/pages\/8584\/revisions\/10135"}],"wp:attachment":[{"href":"http:\/\/stpway.com\/en\/wp-json\/wp\/v2\/media?parent=8584"}],"curies":[{"name":"wp","href":"https:\/\/api.w.org\/{rel}","templated":true}]}}